{"id":3305,"date":"2023-12-28T17:00:20","date_gmt":"2023-12-28T20:00:20","guid":{"rendered":"https:\/\/netfaga.com.br\/?page_id=3305"},"modified":"2024-01-03T14:41:57","modified_gmt":"2024-01-03T17:41:57","slug":"regulamento-indique-e-ganhe","status":"publish","type":"page","link":"https:\/\/netfaga.com.br\/?page_id=3305","title":{"rendered":"Regulamento Indique e Ganhe"},"content":{"rendered":"\t\t<div data-elementor-type=\"wp-page\" data-elementor-id=\"3305\" class=\"elementor elementor-3305\" data-elementor-post-type=\"page\">\n\t\t\t\t\t\t\t<div class=\"elementor-element elementor-element-f170792 e-flex e-con-boxed e-con e-parent\" data-id=\"f170792\" data-element_type=\"container\" data-settings=\"{&quot;content_width&quot;:&quot;boxed&quot;}\" data-core-v316-plus=\"true\">\n\t\t\t\t\t<div class=\"e-con-inner\">\n\t\t\t\t<div class=\"elementor-element elementor-element-9503f3f elementor-widget elementor-widget-text-editor\" data-id=\"9503f3f\" data-element_type=\"widget\" data-widget_type=\"text-editor.default\">\n\t\t\t\t<div class=\"elementor-widget-container\">\n\t\t\t<style>\/*! elementor - v3.18.0 - 20-12-2023 *\/\n.elementor-widget-text-editor.elementor-drop-cap-view-stacked .elementor-drop-cap{background-color:#69727d;color:#fff}.elementor-widget-text-editor.elementor-drop-cap-view-framed .elementor-drop-cap{color:#69727d;border:3px solid;background-color:transparent}.elementor-widget-text-editor:not(.elementor-drop-cap-view-default) .elementor-drop-cap{margin-top:8px}.elementor-widget-text-editor:not(.elementor-drop-cap-view-default) .elementor-drop-cap-letter{width:1em;height:1em}.elementor-widget-text-editor .elementor-drop-cap{float:left;text-align:center;line-height:1;font-size:50px}.elementor-widget-text-editor .elementor-drop-cap-letter{display:inline-block}<\/style>\t\t\t\t<p><strong>REGULAMENTO DA PROMO\u00c7\u00c3O \u201cINDIQUE E GANHE\u201d &#8211; NET FAGA TELECOMUNICA\u00c7\u00d5ES LTDA<\/strong><\/p><p><strong>NET Faga Telecomunica\u00e7\u00f5es Ltda<\/strong> CNPJ: 40.278.895\/0001-45 Endere\u00e7o Matriz: Avenida Jo\u00e3o Rodrigues Fernandes, 6037 &#8211; Sala 01 &#8211; Centro &#8211; Auriflama\/SP<\/p><p>Institui\u00e7\u00e3o da promo\u00e7\u00e3o \u201cINDIQUE E GANHE\u201d<\/p><p>A empresa NET Faga Telecomunica\u00e7\u00f5es Ltda, com matriz na Avenida Jo\u00e3o Rodrigues Fernandes, 6037 &#8211; Sala 01 &#8211; Centro &#8211; Auriflama\/SP, CNPJ 40.278.895\/0001-45, institui a promo\u00e7\u00e3o \u201cINDIQUE E GANHE\u201d. A iniciativa visa incentivar clientes, tanto pessoa f\u00edsica quanto jur\u00eddica, a indicarem amigos para a contrata\u00e7\u00e3o dos servi\u00e7os oferecidos pela empresa.<\/p><p><strong>Termos e Condi\u00e7\u00f5es da Promo\u00e7\u00e3o:<\/strong><\/p><p><strong>1. DA PROMO\u00c7\u00c3O<\/strong><\/p><p>1.1. A promo\u00e7\u00e3o &#8220;INDIQUE E GANHE&#8221; premiar\u00e1 clientes ativos que indicarem amigos para a contrata\u00e7\u00e3o dos servi\u00e7os da NET Faga Telecomunica\u00e7\u00f5es Ltda.<\/p><p>1.2. A premia\u00e7\u00e3o consistir\u00e1 em descontos nas mensalidades concedidos aos clientes ativos, conforme condi\u00e7\u00f5es estipuladas no regulamento.<\/p><p>1.3. A promo\u00e7\u00e3o \u00e9 uma cortesia da NET Faga Telecomunica\u00e7\u00f5es Ltda, n\u00e3o integrando o valor dos planos contratados, sem gerar \u00f4nus adicional aos clientes.<\/p><p><strong>2. DAS DEFINI\u00c7\u00d5ES<\/strong><\/p><p>Para esta promo\u00e7\u00e3o, considera-se: a) CLIENTE INDICADOR: quem adquiriu, diretamente da NET Faga Telecomunica\u00e7\u00f5es Ltda, planos de internet; b) AMIGO INDICADO: quem, indicado pelo Cliente Participante, adquirir planos de internet diretamente da NET Faga Telecomunica\u00e7\u00f5es Ltda.<\/p><p><strong>3. DA PARTICIPA\u00c7\u00c3O<\/strong><\/p><p>3.1. Podem participar: 3.1.1. CLIENTE INDICADOR &#8211; pessoa f\u00edsica ou jur\u00eddica que adquiriu planos de internet diretamente da NET Faga Telecomunica\u00e7\u00f5es Ltda; 3.1.2. AMIGO INDICADO &#8211; pessoa f\u00edsica ou jur\u00eddica que adquirir planos de internet diretamente da NET Faga Telecomunica\u00e7\u00f5es Ltda, durante a vig\u00eancia da promo\u00e7\u00e3o.<\/p><p><strong>4. DA VIG\u00caNCIA<\/strong><\/p><p>4.1. A promo\u00e7\u00e3o ocorrer\u00e1 de 01\/01\/2024 at\u00e9 decis\u00e3o da NET Faga Telecomunica\u00e7\u00f5es Ltda, com possibilidade de prorroga\u00e7\u00e3o, altera\u00e7\u00e3o ou encerramento sem pr\u00e9via notifica\u00e7\u00e3o.<\/p><p><strong>5. DA PREMIA\u00c7\u00c3O<\/strong><\/p><p>5.1. CLIENTE INDICADOR em dia com d\u00e9bitos ou primeira mensalidade receber\u00e1 50% de desconto na pr\u00f3xima fatura. 5.2. Op\u00e7\u00e3o de cooler t\u00e9rmico ou copo t\u00e9rmico personalizado para CLIENTE INDICADOR com duas indica\u00e7\u00f5es. 5.3. O desconto \u00e9 cumulativo, aplicado ap\u00f3s a ativa\u00e7\u00e3o do AMIGO INDICADO.<\/p><p><strong>6. A INDICA\u00c7\u00c3O<\/strong><\/p><p>6.1. Pode ser feita no site da NET Faga Telecomunica\u00e7\u00f5es Ltda (<a href=\"http:\/\/www.netfaga.com.br\/\" target=\"_new\">www.netfaga.com.br<\/a>), WhatsApp (17997361810) ou pessoalmente na loja. 6.2. CLIENTE INDICADOR acessar\u00e1 o site ou WhatsApp para indicar, fornecendo informa\u00e7\u00f5es do AMIGO INDICADO e seus pr\u00f3prios dados. 6.3. Indica\u00e7\u00f5es v\u00e1lidas at\u00e9 a contrata\u00e7\u00e3o do servi\u00e7o pelo AMIGO INDICADO.<\/p><p><strong>7. DISPOSI\u00c7\u00d5ES FINAIS<\/strong><\/p><p>7.1. CLIENTE INDICADOR e AMIGO INDICADO cedem direito de imagem para divulga\u00e7\u00e3o da promo\u00e7\u00e3o. 7.2. Regulamento \u00e9 cumulativo com outras promo\u00e7\u00f5es, salvo disposi\u00e7\u00e3o em contr\u00e1rio. 7.3. NET Faga Telecomunica\u00e7\u00f5es Ltda pode alterar o regulamento sem pr\u00e9via notifica\u00e7\u00e3o. 7.4. Participantes declaram ci\u00eancia e concord\u00e2ncia com todas as cl\u00e1usulas do regulamento. 7.5. Situa\u00e7\u00f5es n\u00e3o previstas ser\u00e3o decididas pela NET Faga Telecomunica\u00e7\u00f5es Ltda de forma soberana e irrecorr\u00edvel.<\/p><p><em>Auriflama, 28 de dezembro.<\/em><\/p><pre>de 2023. NET Faga Telecomunica\u00e7\u00f5es Ltda<\/pre>\t\t\t\t\t\t<\/div>\n\t\t\t\t<\/div>\n\t\t\t\t\t<\/div>\n\t\t\t\t<\/div>\n\t\t\t\t\t\t\t<\/div>\n\t\t","protected":false},"excerpt":{"rendered":"<p>REGULAMENTO DA PROMO\u00c7\u00c3O \u201cINDIQUE E GANHE\u201d &#8211; NET FAGA TELECOMUNICA\u00c7\u00d5ES LTDA NET Faga Telecomunica\u00e7\u00f5es Ltda CNPJ: 40.278.895\/0001-45 Endere\u00e7o Matriz: Avenida Jo\u00e3o Rodrigues Fernandes, 6037 &#8211; Sala 01 &#8211; Centro &#8211; [&hellip;]<\/p>\n","protected":false},"author":1,"featured_media":0,"parent":0,"menu_order":0,"comment_status":"closed","ping_status":"closed","template":"","meta":{"footnotes":""},"class_list":["post-3305","page","type-page","status-publish","hentry"],"_links":{"self":[{"href":"https:\/\/netfaga.com.br\/index.php?rest_route=\/wp\/v2\/pages\/3305","targetHints":{"allow":["GET"]}}],"collection":[{"href":"https:\/\/netfaga.com.br\/index.php?rest_route=\/wp\/v2\/pages"}],"about":[{"href":"https:\/\/netfaga.com.br\/index.php?rest_route=\/wp\/v2\/types\/page"}],"author":[{"embeddable":true,"href":"https:\/\/netfaga.com.br\/index.php?rest_route=\/wp\/v2\/users\/1"}],"replies":[{"embeddable":true,"href":"https:\/\/netfaga.com.br\/index.php?rest_route=%2Fwp%2Fv2%2Fcomments&post=3305"}],"version-history":[{"count":8,"href":"https:\/\/netfaga.com.br\/index.php?rest_route=\/wp\/v2\/pages\/3305\/revisions"}],"predecessor-version":[{"id":3431,"href":"https:\/\/netfaga.com.br\/index.php?rest_route=\/wp\/v2\/pages\/3305\/revisions\/3431"}],"wp:attachment":[{"href":"https:\/\/netfaga.com.br\/index.php?rest_route=%2Fwp%2Fv2%2Fmedia&parent=3305"}],"curies":[{"name":"wp","href":"https:\/\/api.w.org\/{rel}","templated":true}]}}